{"id":2318,"date":"2024-01-17T09:07:34","date_gmt":"2024-01-17T08:07:34","guid":{"rendered":"https:\/\/alol.fr\/?post_type=product&#038;p=2318"},"modified":"2026-03-06T00:13:03","modified_gmt":"2026-03-05T23:13:03","slug":"dispositif-autonome-du-rire-therapeutique-2024","status":"publish","type":"product","link":"https:\/\/alol.fr\/en\/product\/dispositif-autonome-du-rire-therapeutique-2024\/","title":{"rendered":"ALOL\u00a9 Child Laugh Device"},"content":{"rendered":"<audio class=\"wp-audio-shortcode\" id=\"audio-2318-1\" preload=\"none\" style=\"width: 100%;\" controls=\"controls\"><source type=\"audio\/mpeg\" src=\"https:\/\/alol.fr\/wp-content\/uploads\/2024\/04\/Nouvel-enregistrement-111.m4a?_=1\" \/><a href=\"https:\/\/alol.fr\/wp-content\/uploads\/2024\/04\/Nouvel-enregistrement-111.m4a\">https:\/\/alol.fr\/wp-content\/uploads\/2024\/04\/Nouvel-enregistrement-111.m4a<\/a><\/audio>\n<p>ALOL\u00a9 device:<br \/>\nLe 1er dispositif de rire th\u00e9rapeutique aux bienfaits prouv\u00e9s par deux \u00e9tudes cliniques compl\u00e9mentaires.<\/p>\n<p>Inclus :<\/p>\n<ul>\n<li>Le Dispositif ALOL\u00a9<\/li>\n<li>Cordon offert<\/li>\n<li>Livraison gratuite<\/li>\n<\/ul>","protected":false},"excerpt":{"rendered":"<p>ALOL\u00a9 device:<br \/>\nLe 1er dispositif de rire th\u00e9rapeutique aux bienfaits prouv\u00e9s par deux \u00e9tudes cliniques compl\u00e9mentaires.<\/p>\n<p>Inclus :<\/p>\n<ul>\n<li>Le Dispositif ALOL\u00a9<\/li>\n<li>Cordon offert<\/li>\n<li>Livraison gratuite<\/li>\n<li>D\u00e9lai moyen de livraison 7 jours<\/li>\n<\/ul>","protected":false},"featured_media":2320,"comment_status":"open","ping_status":"closed","template":"","meta":{"_acf_changed":false},"product_brand":[],"product_cat":[36],"product_tag":[],"class_list":{"0":"post-2318","1":"product","2":"type-product","3":"status-publish","4":"has-post-thumbnail","6":"product_cat-dispositif-alol","8":"first","9":"instock","10":"shipping-taxable","11":"purchasable","12":"product-type-simple"},"acf":[],"featured_image_urls":{"full":["https:\/\/alol.fr\/wp-content\/uploads\/2024\/01\/alol-2-1-scaled.webp",1920,2560,false],"thumbnail":["https:\/\/alol.fr\/wp-content\/uploads\/2024\/01\/alol-2-1-150x150.webp",150,150,true],"medium":["https:\/\/alol.fr\/wp-content\/uploads\/2024\/01\/alol-2-1-225x300.webp",225,300,true],"medium_large":["https:\/\/alol.fr\/wp-content\/uploads\/2024\/01\/alol-2-1-768x1024.webp",768,1024,true],"large":["https:\/\/alol.fr\/wp-content\/uploads\/2024\/01\/alol-2-1-768x1024.webp",768,1024,true],"1536x1536":["https:\/\/alol.fr\/wp-content\/uploads\/2024\/01\/alol-2-1-1152x1536.webp",1152,1536,true],"2048x2048":["https:\/\/alol.fr\/wp-content\/uploads\/2024\/01\/alol-2-1-1536x2048.webp",1536,2048,true],"trp-custom-language-flag":["https:\/\/alol.fr\/wp-content\/uploads\/2024\/01\/alol-2-1-scaled.webp",9,12,false],"woocommerce_archive_thumbnail":["https:\/\/alol.fr\/wp-content\/uploads\/2024\/01\/alol-2-1-300x400.webp",300,400,true],"woocommerce_thumbnail":["https:\/\/alol.fr\/wp-content\/uploads\/2024\/01\/alol-2-1-300x400.webp",300,400,true],"woocommerce_single":["https:\/\/alol.fr\/wp-content\/uploads\/2024\/01\/alol-2-1-600x800.webp",600,800,true],"woocommerce_gallery_thumbnail":["https:\/\/alol.fr\/wp-content\/uploads\/2024\/01\/alol-2-1-100x100.webp",100,100,true]},"post_excerpt_stackable":"<p>Dispositif ALOL\u00a9 :<br \/>\nLe 1er dispositif de rire th\u00e9rapeutique aux bienfaits prouv\u00e9s par deux \u00e9tudes cliniques compl\u00e9mentaires.<\/p>\n<p>Inclus :<\/p>\n<ul>\n<li>Le Dispositif ALOL\u00a9<\/li>\n<li>Cordon offert<\/li>\n<li>Livraison gratuite<\/li>\n<li>D\u00e9lai moyen de livraison 7 jours<\/li>\n<\/ul>\n","category_list":"","author_info":{"name":"","url":""},"comments_num":"0 comments","_links":{"self":[{"href":"https:\/\/alol.fr\/en\/wp-json\/wp\/v2\/product\/2318","targetHints":{"allow":["GET"]}}],"collection":[{"href":"https:\/\/alol.fr\/en\/wp-json\/wp\/v2\/product"}],"about":[{"href":"https:\/\/alol.fr\/en\/wp-json\/wp\/v2\/types\/product"}],"replies":[{"embeddable":true,"href":"https:\/\/alol.fr\/en\/wp-json\/wp\/v2\/comments?post=2318"}],"wp:featuredmedia":[{"embeddable":true,"href":"https:\/\/alol.fr\/en\/wp-json\/wp\/v2\/media\/2320"}],"wp:attachment":[{"href":"https:\/\/alol.fr\/en\/wp-json\/wp\/v2\/media?parent=2318"}],"wp:term":[{"taxonomy":"product_brand","embeddable":true,"href":"https:\/\/alol.fr\/en\/wp-json\/wp\/v2\/product_brand?post=2318"},{"taxonomy":"product_cat","embeddable":true,"href":"https:\/\/alol.fr\/en\/wp-json\/wp\/v2\/product_cat?post=2318"},{"taxonomy":"product_tag","embeddable":true,"href":"https:\/\/alol.fr\/en\/wp-json\/wp\/v2\/product_tag?post=2318"}],"curies":[{"name":"wp","href":"https:\/\/api.w.org\/{rel}","templated":true}]}}