{"id":2618,"date":"2024-11-09T06:04:29","date_gmt":"2024-11-09T05:04:29","guid":{"rendered":"https:\/\/alol.fr\/?post_type=product&#038;p=2618"},"modified":"2026-04-22T05:38:59","modified_gmt":"2026-04-22T03:38:59","slug":"dispositif-alol-rire-adulte-v3","status":"publish","type":"product","link":"https:\/\/alol.fr\/en\/product\/dispositif-alol-rire-adulte-v3\/","title":{"rendered":"Dispositif ALOL\u00a9 Rire Adulte II"},"content":{"rendered":"<p>Dispositif ALOL\u00a9 nouvelle version :<br \/>\nLe 1er dispositif de rire th\u00e9rapeutique aux bienfaits prouv\u00e9s par deux \u00e9tudes cliniques compl\u00e9mentaires.<\/p>\n<p>Inclus :<\/p>\n<ul>\n<li>Le Dispositif ALOL\u00a9<\/li>\n<li>Cordon offert<\/li>\n<li>Livraison gratuite<\/li>\n<\/ul>","protected":false},"excerpt":{"rendered":"<p>ALOL\u00a9 device:<br \/>\nLe 1er dispositif de rire th\u00e9rapeutique aux bienfaits prouv\u00e9s par deux \u00e9tudes cliniques compl\u00e9mentaires.<\/p>\n<p>Inclus :<\/p>\n<ul>\n<li>Le Dispositif ALOL\u00a9<\/li>\n<li>Cordon offert<\/li>\n<li>Livraison gratuite<\/li>\n<li>D\u00e9lai moyen de livraison 7 jours<\/li>\n<\/ul>","protected":false},"featured_media":2620,"comment_status":"open","ping_status":"closed","template":"","meta":{"_acf_changed":false},"product_brand":[],"product_cat":[36],"product_tag":[],"class_list":{"0":"post-2618","1":"product","2":"type-product","3":"status-publish","4":"has-post-thumbnail","6":"product_cat-dispositif-alol","8":"first","9":"instock","10":"shipping-taxable","11":"purchasable","12":"product-type-simple"},"acf":[],"featured_image_urls":{"full":["https:\/\/alol.fr\/wp-content\/uploads\/2024\/11\/V3-photo.webp",800,800,false],"thumbnail":["https:\/\/alol.fr\/wp-content\/uploads\/2024\/11\/V3-photo-150x150.webp",150,150,true],"medium":["https:\/\/alol.fr\/wp-content\/uploads\/2024\/11\/V3-photo-300x300.webp",300,300,true],"medium_large":["https:\/\/alol.fr\/wp-content\/uploads\/2024\/11\/V3-photo-768x768.webp",768,768,true],"large":["https:\/\/alol.fr\/wp-content\/uploads\/2024\/11\/V3-photo.webp",800,800,false],"1536x1536":["https:\/\/alol.fr\/wp-content\/uploads\/2024\/11\/V3-photo.webp",800,800,false],"2048x2048":["https:\/\/alol.fr\/wp-content\/uploads\/2024\/11\/V3-photo.webp",800,800,false],"trp-custom-language-flag":["https:\/\/alol.fr\/wp-content\/uploads\/2024\/11\/V3-photo-12x12.webp",12,12,true],"woocommerce_archive_thumbnail":["https:\/\/alol.fr\/wp-content\/uploads\/2024\/11\/V3-photo-300x400.webp",300,400,true],"woocommerce_thumbnail":["https:\/\/alol.fr\/wp-content\/uploads\/2024\/11\/V3-photo-300x400.webp",300,400,true],"woocommerce_single":["https:\/\/alol.fr\/wp-content\/uploads\/2024\/11\/V3-photo-600x600.webp",600,600,true],"woocommerce_gallery_thumbnail":["https:\/\/alol.fr\/wp-content\/uploads\/2024\/11\/V3-photo-100x100.webp",100,100,true]},"post_excerpt_stackable":"<p>Dispositif ALOL\u00a9 :<br \/>\nLe 1er dispositif de rire th\u00e9rapeutique aux bienfaits prouv\u00e9s par deux \u00e9tudes cliniques compl\u00e9mentaires.<\/p>\n<p>Inclus :<\/p>\n<ul>\n<li>Le Dispositif ALOL\u00a9<\/li>\n<li>Cordon offert<\/li>\n<li>Livraison gratuite<\/li>\n<li>D\u00e9lai moyen de livraison 7 jours<\/li>\n<\/ul>\n","category_list":"","author_info":{"name":"","url":""},"comments_num":"0 comments","_links":{"self":[{"href":"https:\/\/alol.fr\/en\/wp-json\/wp\/v2\/product\/2618","targetHints":{"allow":["GET"]}}],"collection":[{"href":"https:\/\/alol.fr\/en\/wp-json\/wp\/v2\/product"}],"about":[{"href":"https:\/\/alol.fr\/en\/wp-json\/wp\/v2\/types\/product"}],"replies":[{"embeddable":true,"href":"https:\/\/alol.fr\/en\/wp-json\/wp\/v2\/comments?post=2618"}],"wp:featuredmedia":[{"embeddable":true,"href":"https:\/\/alol.fr\/en\/wp-json\/wp\/v2\/media\/2620"}],"wp:attachment":[{"href":"https:\/\/alol.fr\/en\/wp-json\/wp\/v2\/media?parent=2618"}],"wp:term":[{"taxonomy":"product_brand","embeddable":true,"href":"https:\/\/alol.fr\/en\/wp-json\/wp\/v2\/product_brand?post=2618"},{"taxonomy":"product_cat","embeddable":true,"href":"https:\/\/alol.fr\/en\/wp-json\/wp\/v2\/product_cat?post=2618"},{"taxonomy":"product_tag","embeddable":true,"href":"https:\/\/alol.fr\/en\/wp-json\/wp\/v2\/product_tag?post=2618"}],"curies":[{"name":"wp","href":"https:\/\/api.w.org\/{rel}","templated":true}]}}